{"id":2,"date":"2016-05-10T03:48:21","date_gmt":"2016-05-10T03:48:21","guid":{"rendered":"http:\/\/www.geschichtsvereingorndorf.de\/?page_id=2"},"modified":"2025-10-03T08:58:15","modified_gmt":"2025-10-03T08:58:15","slug":"sample-page","status":"publish","type":"page","link":"https:\/\/www.geschichtsvereingorndorf.de\/","title":{"rendered":"Start"},"content":{"rendered":"<p>Hallo und Herzlich Willkommen auf der Seite des Heimat- &amp; Geschichtsvereines Gorndorf e.V.<\/p>\n\n\n<p>Unser Verein besteht seit 2003. Wir haben unser Vereinshaus in Eigenregie renoviert. Es beinhaltet zwei Ausstellungsr\u00e4ume und zwei Aufenthaltsr\u00e4ume.<\/p>\n\n\n\n<p>Zu unseren regelm\u00e4\u00dfigen Veranstaltungen geh\u00f6ren unsere Vereinstreffen, der Herrenabend und die Verkehrsteilnehmerschulung. Dar\u00fcber hinaus organisieren wir jedes Jahr die Walpurgisnacht mit einem gro\u00dfen Feuer und dem traditionellen Maibaumsetzen. Auch die Dorfkirmes wird von uns organisiert und durchgef\u00fchrt; beides in eifriger Zusammenarbeit mit den Kamerade der Freiwilligen Feuerwehr Gorndorf.<\/p>\n\n\n\n<p>Neben der Pflege der Dorfgemeinschaft, haben wir es uns zur Aufgabe gemacht, die Geschichte des alten Dorfes aufzuarbeiten. Dazu haben wir bereits eine H\u00e4userchronik erarbeitet. Aktuell arbeiten wir an einer Schulchronik, die sowohl das alte Dorf, als auch das Neubaugebiet umfasst.<\/p>\n\n\n\n<p>F\u00fcr dieses Jahr haben wir eine kleine Sonderausstellung zur Geschichte der Gorndorfer Feuerwehr geplant.<\/p>\n","protected":false},"excerpt":{"rendered":"<p>Hallo und Herzlich Willkommen auf der Seite des Heimat- &amp; Geschichtsvereines Gorndorf e.V. Unser Verein besteht seit 2003. Wir haben unser Vereinshaus in Eigenregie renoviert. Es beinhaltet zwei Ausstellungsr\u00e4ume und zwei Aufenthaltsr\u00e4ume. Zu unseren regelm\u00e4\u00dfigen Veranstaltungen geh\u00f6ren unsere Vereinstreffen, der Herrenabend und die Verkehrsteilnehmerschulung. Dar\u00fcber hinaus organisieren wir jedes Jahr die Walpurgisnacht mit einem gro\u00dfen&#8230;<\/p>\n","protected":false},"author":1,"featured_media":0,"parent":0,"menu_order":0,"comment_status":"closed","ping_status":"closed","template":"","meta":{"footnotes":""},"class_list":["post-2","page","type-page","status-publish","hentry"],"_links":{"self":[{"href":"https:\/\/www.geschichtsvereingorndorf.de\/index.php?rest_route=\/wp\/v2\/pages\/2","targetHints":{"allow":["GET"]}}],"collection":[{"href":"https:\/\/www.geschichtsvereingorndorf.de\/index.php?rest_route=\/wp\/v2\/pages"}],"about":[{"href":"https:\/\/www.geschichtsvereingorndorf.de\/index.php?rest_route=\/wp\/v2\/types\/page"}],"author":[{"embeddable":true,"href":"https:\/\/www.geschichtsvereingorndorf.de\/index.php?rest_route=\/wp\/v2\/users\/1"}],"replies":[{"embeddable":true,"href":"https:\/\/www.geschichtsvereingorndorf.de\/index.php?rest_route=%2Fwp%2Fv2%2Fcomments&post=2"}],"version-history":[{"count":4,"href":"https:\/\/www.geschichtsvereingorndorf.de\/index.php?rest_route=\/wp\/v2\/pages\/2\/revisions"}],"predecessor-version":[{"id":220,"href":"https:\/\/www.geschichtsvereingorndorf.de\/index.php?rest_route=\/wp\/v2\/pages\/2\/revisions\/220"}],"wp:attachment":[{"href":"https:\/\/www.geschichtsvereingorndorf.de\/index.php?rest_route=%2Fwp%2Fv2%2Fmedia&parent=2"}],"curies":[{"name":"wp","href":"https:\/\/api.w.org\/{rel}","templated":true}]}}